{"id":5057,"date":"2022-04-04T11:30:22","date_gmt":"2022-04-04T09:30:22","guid":{"rendered":"https:\/\/www.pro-action.ch\/coaching\/"},"modified":"2022-05-25T07:51:27","modified_gmt":"2022-05-25T05:51:27","slug":"coaching","status":"publish","type":"page","link":"https:\/\/www.pro-action.ch\/fr\/coaching\/","title":{"rendered":"Coaching"},"content":{"rendered":"<div class=\"gb-container gb-container-9bc13744\"><div class=\"gb-inside-container\">\n<div class=\"gb-grid-wrapper gb-grid-wrapper-f4f7c5c3\">\n<div class=\"gb-grid-column gb-grid-column-b3dff89f\"><div class=\"gb-container gb-container-b3dff89f\"><div class=\"gb-inside-container\">\n\n<h1 class=\"gb-headline gb-headline-8c43daf3 gb-headline-text\">Coaching<\/h1>\n\n<\/div><\/div><\/div>\n<\/div>\n\n\n<blockquote class=\"wp-block-quote is-layout-flow wp-block-quote-is-layout-flow\"><p>\u00abLes opportunit\u00e9s ont de multiples visages. Soyez vigilant.\u00bb<\/p><cite>Erik Kessels<\/cite><\/blockquote>\n\n\n\n<p>Quand on est au c\u0153ur de l&#8217;action et sous pression, les options semblent parfois tr\u00e8s limit\u00e9es. Un regard ext\u00e9rieur sans pr\u00e9jug\u00e9 peut aider \u00e0 changer de perspective pour d\u00e9couvrir de nouvelles voies dans lesquelles on peut s&#8217;engager.<\/p>\n\n\n\n<h3 class=\"gb-headline gb-headline-f2728717 gb-headline-text\">Recherchez-vous un accompagnement ponctuel et une aide pertinente ?<\/h3>\n\n\n\n<p>Je vous propose un suivi pour:<\/p>\n\n\n\n<p class=\"gb-headline gb-headline-4b6702e1\"><span class=\"gb-icon\"><svg xmlns=\"http:\/\/www.w3.org\/2000\/svg\" viewBox=\"0 0 256 512\" width=\"1em\" height=\"1em\" aria-hidden=\"true\"><path d=\"M224.3 273l-136 136c-9.4 9.4-24.6 9.4-33.9 0l-22.6-22.6c-9.4-9.4-9.4-24.6 0-33.9l96.4-96.4-96.4-96.4c-9.4-9.4-9.4-24.6 0-33.9L54.3 103c9.4-9.4 24.6-9.4 33.9 0l136 136c9.5 9.4 9.5 24.6.1 34z\" fill=\"currentColor\"><\/path><\/svg><\/span><span class=\"gb-headline-text\">prendre une d\u00e9cision importante<\/span><\/p>\n\n\n\n<p class=\"gb-headline gb-headline-493ca9d1\"><span class=\"gb-icon\"><svg xmlns=\"http:\/\/www.w3.org\/2000\/svg\" viewBox=\"0 0 256 512\" width=\"1em\" height=\"1em\" aria-hidden=\"true\"><path d=\"M224.3 273l-136 136c-9.4 9.4-24.6 9.4-33.9 0l-22.6-22.6c-9.4-9.4-9.4-24.6 0-33.9l96.4-96.4-96.4-96.4c-9.4-9.4-9.4-24.6 0-33.9L54.3 103c9.4-9.4 24.6-9.4 33.9 0l136 136c9.5 9.4 9.5 24.6.1 34z\" fill=\"currentColor\"><\/path><\/svg><\/span><span class=\"gb-headline-text\">relever un nouveau d\u00e9fi dans le cadre d\u2019un engagement professionnel ou b\u00e9n\u00e9vole<\/span><\/p>\n\n\n\n<p class=\"gb-headline gb-headline-049baab6\"><span class=\"gb-icon\"><svg xmlns=\"http:\/\/www.w3.org\/2000\/svg\" viewBox=\"0 0 256 512\" width=\"1em\" height=\"1em\" aria-hidden=\"true\"><path d=\"M224.3 273l-136 136c-9.4 9.4-24.6 9.4-33.9 0l-22.6-22.6c-9.4-9.4-9.4-24.6 0-33.9l96.4-96.4-96.4-96.4c-9.4-9.4-9.4-24.6 0-33.9L54.3 103c9.4-9.4 24.6-9.4 33.9 0l136 136c9.5 9.4 9.5 24.6.1 34z\" fill=\"currentColor\"><\/path><\/svg><\/span><span class=\"gb-headline-text\">surmonter une situation difficile ou conflictuelle<\/span><\/p>\n\n\n\n<p class=\"gb-headline gb-headline-98dcd532\"><span class=\"gb-icon\"><svg xmlns=\"http:\/\/www.w3.org\/2000\/svg\" viewBox=\"0 0 256 512\" width=\"1em\" height=\"1em\" aria-hidden=\"true\"><path d=\"M224.3 273l-136 136c-9.4 9.4-24.6 9.4-33.9 0l-22.6-22.6c-9.4-9.4-9.4-24.6 0-33.9l96.4-96.4-96.4-96.4c-9.4-9.4-9.4-24.6 0-33.9L54.3 103c9.4-9.4 24.6-9.4 33.9 0l136 136c9.5 9.4 9.5 24.6.1 34z\" fill=\"currentColor\"><\/path><\/svg><\/span><span class=\"gb-headline-text\">clore un chapitre important de votre vie personnelle ou professionnelle, et pr\u00e9parer la prochaine \u00e9tape<\/span><\/p>\n\n\n\n<p>Les s\u00e9ances de coaching peuvent avoir lieu en pr\u00e9sentiel ou en ligne.<\/p>\n\n\n\n<figure class=\"wp-block-image size-full is-resized\"><img loading=\"lazy\" decoding=\"async\" src=\"https:\/\/www.pro-action.ch\/wp-content\/uploads\/2022\/05\/Portrait-Baehler_Foto-N-Jansen_002.jpg\" alt=\"\" class=\"wp-image-5220\" width=\"250\" height=\"375\" srcset=\"https:\/\/www.pro-action.ch\/wp-content\/uploads\/2022\/05\/Portrait-Baehler_Foto-N-Jansen_002.jpg 800w, https:\/\/www.pro-action.ch\/wp-content\/uploads\/2022\/05\/Portrait-Baehler_Foto-N-Jansen_002-200x300.jpg 200w, https:\/\/www.pro-action.ch\/wp-content\/uploads\/2022\/05\/Portrait-Baehler_Foto-N-Jansen_002-683x1024.jpg 683w, https:\/\/www.pro-action.ch\/wp-content\/uploads\/2022\/05\/Portrait-Baehler_Foto-N-Jansen_002-768x1152.jpg 768w\" sizes=\"auto, (max-width: 250px) 100vw, 250px\" \/><\/figure>\n\n<\/div><\/div>\n\n<div class=\"gb-container gb-container-8b1a0c02\"><div class=\"gb-inside-container\"><\/div><\/div>","protected":false},"excerpt":{"rendered":"<p>\u00abLes opportunit\u00e9s ont de multiples visages. Soyez vigilant.\u00bb Erik Kessels Quand on est au c\u0153ur de l&#8217;action et sous pression, les options semblent parfois tr\u00e8s limit\u00e9es. Un regard ext\u00e9rieur sans pr\u00e9jug\u00e9 peut aider \u00e0 changer de perspective pour d\u00e9couvrir de nouvelles voies dans lesquelles on peut s&#8217;engager. Recherchez-vous un accompagnement ponctuel et une aide pertinente &#8230; <a title=\"Coaching\" class=\"read-more\" href=\"https:\/\/www.pro-action.ch\/fr\/coaching\/\" aria-label=\"Read more about Coaching\">Read More<\/a><\/p>\n","protected":false},"author":1,"featured_media":0,"parent":0,"menu_order":0,"comment_status":"closed","ping_status":"closed","template":"","meta":{"inline_featured_image":false,"footnotes":""},"class_list":["post-5057","page","type-page","status-publish"],"yoast_head":"<!-- This site is optimized with the Yoast SEO plugin v26.6 - https:\/\/yoast.com\/wordpress\/plugins\/seo\/ -->\n<title>Coaching - Pro Action<\/title>\n<meta name=\"robots\" content=\"index, follow, max-snippet:-1, max-image-preview:large, max-video-preview:-1\" \/>\n<link rel=\"canonical\" href=\"https:\/\/www.pro-action.ch\/fr\/coaching\/\" \/>\n<meta property=\"og:locale\" content=\"fr_FR\" \/>\n<meta property=\"og:type\" content=\"article\" \/>\n<meta property=\"og:title\" content=\"Coaching - Pro Action\" \/>\n<meta property=\"og:description\" content=\"\u00abLes opportunit\u00e9s ont de multiples visages. Soyez vigilant.\u00bb Erik Kessels Quand on est au c\u0153ur de l&#8217;action et sous pression, les options semblent parfois tr\u00e8s limit\u00e9es. Un regard ext\u00e9rieur sans pr\u00e9jug\u00e9 peut aider \u00e0 changer de perspective pour d\u00e9couvrir de nouvelles voies dans lesquelles on peut s&#8217;engager. Recherchez-vous un accompagnement ponctuel et une aide pertinente ... Read More\" \/>\n<meta property=\"og:url\" content=\"https:\/\/www.pro-action.ch\/fr\/coaching\/\" \/>\n<meta property=\"og:site_name\" content=\"Pro Action\" \/>\n<meta property=\"article:modified_time\" content=\"2022-05-25T05:51:27+00:00\" \/>\n<meta property=\"og:image\" content=\"https:\/\/www.pro-action.ch\/wp-content\/uploads\/2022\/05\/Portrait-Baehler_Foto-N-Jansen_002.jpg\" \/>\n<meta name=\"twitter:card\" content=\"summary_large_image\" \/>\n<meta name=\"twitter:label1\" content=\"Est. reading time\" \/>\n\t<meta name=\"twitter:data1\" content=\"1 minute\" \/>\n<script type=\"application\/ld+json\" class=\"yoast-schema-graph\">{\"@context\":\"https:\/\/schema.org\",\"@graph\":[{\"@type\":\"WebPage\",\"@id\":\"https:\/\/www.pro-action.ch\/fr\/coaching\/\",\"url\":\"https:\/\/www.pro-action.ch\/fr\/coaching\/\",\"name\":\"Coaching - Pro Action\",\"isPartOf\":{\"@id\":\"https:\/\/www.pro-action.ch\/#website\"},\"primaryImageOfPage\":{\"@id\":\"https:\/\/www.pro-action.ch\/fr\/coaching\/#primaryimage\"},\"image\":{\"@id\":\"https:\/\/www.pro-action.ch\/fr\/coaching\/#primaryimage\"},\"thumbnailUrl\":\"https:\/\/www.pro-action.ch\/wp-content\/uploads\/2022\/05\/Portrait-Baehler_Foto-N-Jansen_002.jpg\",\"datePublished\":\"2022-04-04T09:30:22+00:00\",\"dateModified\":\"2022-05-25T05:51:27+00:00\",\"breadcrumb\":{\"@id\":\"https:\/\/www.pro-action.ch\/fr\/coaching\/#breadcrumb\"},\"inLanguage\":\"fr-FR\",\"potentialAction\":[{\"@type\":\"ReadAction\",\"target\":[\"https:\/\/www.pro-action.ch\/fr\/coaching\/\"]}]},{\"@type\":\"ImageObject\",\"inLanguage\":\"fr-FR\",\"@id\":\"https:\/\/www.pro-action.ch\/fr\/coaching\/#primaryimage\",\"url\":\"https:\/\/www.pro-action.ch\/wp-content\/uploads\/2022\/05\/Portrait-Baehler_Foto-N-Jansen_002.jpg\",\"contentUrl\":\"https:\/\/www.pro-action.ch\/wp-content\/uploads\/2022\/05\/Portrait-Baehler_Foto-N-Jansen_002.jpg\"},{\"@type\":\"BreadcrumbList\",\"@id\":\"https:\/\/www.pro-action.ch\/fr\/coaching\/#breadcrumb\",\"itemListElement\":[{\"@type\":\"ListItem\",\"position\":1,\"name\":\"Home\",\"item\":\"https:\/\/www.pro-action.ch\/fr\/\"},{\"@type\":\"ListItem\",\"position\":2,\"name\":\"Coaching\"}]},{\"@type\":\"WebSite\",\"@id\":\"https:\/\/www.pro-action.ch\/#website\",\"url\":\"https:\/\/www.pro-action.ch\/\",\"name\":\"Pro Action\",\"description\":\"Madeleine B\u00e4hler\",\"publisher\":{\"@id\":\"https:\/\/www.pro-action.ch\/#organization\"},\"potentialAction\":[{\"@type\":\"SearchAction\",\"target\":{\"@type\":\"EntryPoint\",\"urlTemplate\":\"https:\/\/www.pro-action.ch\/?s={search_term_string}\"},\"query-input\":{\"@type\":\"PropertyValueSpecification\",\"valueRequired\":true,\"valueName\":\"search_term_string\"}}],\"inLanguage\":\"fr-FR\"},{\"@type\":\"Organization\",\"@id\":\"https:\/\/www.pro-action.ch\/#organization\",\"name\":\"Pro Action\",\"url\":\"https:\/\/www.pro-action.ch\/\",\"logo\":{\"@type\":\"ImageObject\",\"inLanguage\":\"fr-FR\",\"@id\":\"https:\/\/www.pro-action.ch\/#\/schema\/logo\/image\/\",\"url\":\"https:\/\/www.pro-action.ch\/wp-content\/uploads\/2023\/04\/Logo_pro-action-2023-LQ.png\",\"contentUrl\":\"https:\/\/www.pro-action.ch\/wp-content\/uploads\/2023\/04\/Logo_pro-action-2023-LQ.png\",\"width\":379,\"height\":173,\"caption\":\"Pro Action\"},\"image\":{\"@id\":\"https:\/\/www.pro-action.ch\/#\/schema\/logo\/image\/\"}}]}<\/script>\n<!-- \/ Yoast SEO plugin. -->","yoast_head_json":{"title":"Coaching - Pro Action","robots":{"index":"index","follow":"follow","max-snippet":"max-snippet:-1","max-image-preview":"max-image-preview:large","max-video-preview":"max-video-preview:-1"},"canonical":"https:\/\/www.pro-action.ch\/fr\/coaching\/","og_locale":"fr_FR","og_type":"article","og_title":"Coaching - Pro Action","og_description":"\u00abLes opportunit\u00e9s ont de multiples visages. Soyez vigilant.\u00bb Erik Kessels Quand on est au c\u0153ur de l&#8217;action et sous pression, les options semblent parfois tr\u00e8s limit\u00e9es. Un regard ext\u00e9rieur sans pr\u00e9jug\u00e9 peut aider \u00e0 changer de perspective pour d\u00e9couvrir de nouvelles voies dans lesquelles on peut s&#8217;engager. Recherchez-vous un accompagnement ponctuel et une aide pertinente ... Read More","og_url":"https:\/\/www.pro-action.ch\/fr\/coaching\/","og_site_name":"Pro Action","article_modified_time":"2022-05-25T05:51:27+00:00","og_image":[{"url":"https:\/\/www.pro-action.ch\/wp-content\/uploads\/2022\/05\/Portrait-Baehler_Foto-N-Jansen_002.jpg","type":"","width":"","height":""}],"twitter_card":"summary_large_image","twitter_misc":{"Est. reading time":"1 minute"},"schema":{"@context":"https:\/\/schema.org","@graph":[{"@type":"WebPage","@id":"https:\/\/www.pro-action.ch\/fr\/coaching\/","url":"https:\/\/www.pro-action.ch\/fr\/coaching\/","name":"Coaching - Pro Action","isPartOf":{"@id":"https:\/\/www.pro-action.ch\/#website"},"primaryImageOfPage":{"@id":"https:\/\/www.pro-action.ch\/fr\/coaching\/#primaryimage"},"image":{"@id":"https:\/\/www.pro-action.ch\/fr\/coaching\/#primaryimage"},"thumbnailUrl":"https:\/\/www.pro-action.ch\/wp-content\/uploads\/2022\/05\/Portrait-Baehler_Foto-N-Jansen_002.jpg","datePublished":"2022-04-04T09:30:22+00:00","dateModified":"2022-05-25T05:51:27+00:00","breadcrumb":{"@id":"https:\/\/www.pro-action.ch\/fr\/coaching\/#breadcrumb"},"inLanguage":"fr-FR","potentialAction":[{"@type":"ReadAction","target":["https:\/\/www.pro-action.ch\/fr\/coaching\/"]}]},{"@type":"ImageObject","inLanguage":"fr-FR","@id":"https:\/\/www.pro-action.ch\/fr\/coaching\/#primaryimage","url":"https:\/\/www.pro-action.ch\/wp-content\/uploads\/2022\/05\/Portrait-Baehler_Foto-N-Jansen_002.jpg","contentUrl":"https:\/\/www.pro-action.ch\/wp-content\/uploads\/2022\/05\/Portrait-Baehler_Foto-N-Jansen_002.jpg"},{"@type":"BreadcrumbList","@id":"https:\/\/www.pro-action.ch\/fr\/coaching\/#breadcrumb","itemListElement":[{"@type":"ListItem","position":1,"name":"Home","item":"https:\/\/www.pro-action.ch\/fr\/"},{"@type":"ListItem","position":2,"name":"Coaching"}]},{"@type":"WebSite","@id":"https:\/\/www.pro-action.ch\/#website","url":"https:\/\/www.pro-action.ch\/","name":"Pro Action","description":"Madeleine B\u00e4hler","publisher":{"@id":"https:\/\/www.pro-action.ch\/#organization"},"potentialAction":[{"@type":"SearchAction","target":{"@type":"EntryPoint","urlTemplate":"https:\/\/www.pro-action.ch\/?s={search_term_string}"},"query-input":{"@type":"PropertyValueSpecification","valueRequired":true,"valueName":"search_term_string"}}],"inLanguage":"fr-FR"},{"@type":"Organization","@id":"https:\/\/www.pro-action.ch\/#organization","name":"Pro Action","url":"https:\/\/www.pro-action.ch\/","logo":{"@type":"ImageObject","inLanguage":"fr-FR","@id":"https:\/\/www.pro-action.ch\/#\/schema\/logo\/image\/","url":"https:\/\/www.pro-action.ch\/wp-content\/uploads\/2023\/04\/Logo_pro-action-2023-LQ.png","contentUrl":"https:\/\/www.pro-action.ch\/wp-content\/uploads\/2023\/04\/Logo_pro-action-2023-LQ.png","width":379,"height":173,"caption":"Pro Action"},"image":{"@id":"https:\/\/www.pro-action.ch\/#\/schema\/logo\/image\/"}}]}},"_links":{"self":[{"href":"https:\/\/www.pro-action.ch\/fr\/wp-json\/wp\/v2\/pages\/5057","targetHints":{"allow":["GET"]}}],"collection":[{"href":"https:\/\/www.pro-action.ch\/fr\/wp-json\/wp\/v2\/pages"}],"about":[{"href":"https:\/\/www.pro-action.ch\/fr\/wp-json\/wp\/v2\/types\/page"}],"author":[{"embeddable":true,"href":"https:\/\/www.pro-action.ch\/fr\/wp-json\/wp\/v2\/users\/1"}],"replies":[{"embeddable":true,"href":"https:\/\/www.pro-action.ch\/fr\/wp-json\/wp\/v2\/comments?post=5057"}],"version-history":[{"count":8,"href":"https:\/\/www.pro-action.ch\/fr\/wp-json\/wp\/v2\/pages\/5057\/revisions"}],"predecessor-version":[{"id":5299,"href":"https:\/\/www.pro-action.ch\/fr\/wp-json\/wp\/v2\/pages\/5057\/revisions\/5299"}],"wp:attachment":[{"href":"https:\/\/www.pro-action.ch\/fr\/wp-json\/wp\/v2\/media?parent=5057"}],"curies":[{"name":"wp","href":"https:\/\/api.w.org\/{rel}","templated":true}]}}