{"id":5055,"date":"2022-04-04T11:02:00","date_gmt":"2022-04-04T09:02:00","guid":{"rendered":"https:\/\/www.pro-action.ch\/madeleine-bahler\/"},"modified":"2025-11-30T11:31:00","modified_gmt":"2025-11-30T10:31:00","slug":"madeleine-bahler","status":"publish","type":"page","link":"https:\/\/www.pro-action.ch\/fr\/madeleine-bahler\/","title":{"rendered":"Madeleine B\u00e4hler"},"content":{"rendered":"<div class=\"gb-container gb-container-9bc13744\"><div class=\"gb-inside-container\">\n<div class=\"gb-grid-wrapper gb-grid-wrapper-f4f7c5c3\">\n<div class=\"gb-grid-column gb-grid-column-b3dff89f\"><div class=\"gb-container gb-container-b3dff89f\"><div class=\"gb-inside-container\">\n\n<h1 class=\"gb-headline gb-headline-8c43daf3 gb-headline-text\">Madeleine B\u00e4hler<\/h1>\n\n\n\n<h2 class=\"gb-headline gb-headline-f14d9018 gb-headline-text\">pro-action | coaching | d\u00e9veloppement organisationnel | formation<\/h2>\n\n<\/div><\/div><\/div>\n<\/div>\n<\/div><\/div>\n\n<div class=\"gb-container gb-container-8b1a0c02\"><div class=\"gb-inside-container\">\n<div class=\"gb-grid-wrapper gb-grid-wrapper-65b3d818\">\n<div class=\"gb-grid-column gb-grid-column-6a75fac3\"><div class=\"gb-container gb-container-6a75fac3\"><div class=\"gb-inside-container\"><\/div><\/div><\/div>\n\n<div class=\"gb-grid-column gb-grid-column-b890140c\"><div class=\"gb-container gb-container-b890140c\"><div class=\"gb-inside-container\">\n\n<h2 class=\"gb-headline gb-headline-f2728717 gb-headline-text icon-desktop\">Ce qui caract\u00e9rise mon activit\u00e9<\/h2>\n\n\n\n<h2 class=\"gb-headline gb-headline-f45271ed icon-mobile\"><span class=\"gb-icon\"><svg aria-hidden=\"true\" role=\"img\" height=\"1em\" width=\"1em\" viewBox=\"0 0 496 512\" xmlns=\"http:\/\/www.w3.org\/2000\/svg\"><path fill=\"currentColor\" d=\"M248 8C111 8 0 119 0 256s111 248 248 248 248-111 248-248S385 8 248 8zm0 96c48.6 0 88 39.4 88 88s-39.4 88-88 88-88-39.4-88-88 39.4-88 88-88zm0 344c-58.7 0-111.3-26.6-146.5-68.2 18.8-35.4 55.6-59.8 98.5-59.8 2.4 0 4.8.4 7.1 1.1 13 4.2 26.6 6.9 40.9 6.9 14.3 0 28-2.7 40.9-6.9 2.3-.7 4.7-1.1 7.1-1.1 42.9 0 79.7 24.4 98.5 59.8C359.3 421.4 306.7 448 248 448z\"><\/path><\/svg><\/span><span class=\"gb-headline-text\">Ce qui caract\u00e9rise mon activit\u00e9<\/span><\/h2>\n\n\n\n<p class=\"gb-headline gb-headline-4b6702e1\"><span class=\"gb-icon\"><svg xmlns=\"http:\/\/www.w3.org\/2000\/svg\" viewBox=\"0 0 256 512\" width=\"1em\" height=\"1em\" aria-hidden=\"true\"><path d=\"M224.3 273l-136 136c-9.4 9.4-24.6 9.4-33.9 0l-22.6-22.6c-9.4-9.4-9.4-24.6 0-33.9l96.4-96.4-96.4-96.4c-9.4-9.4-9.4-24.6 0-33.9L54.3 103c9.4-9.4 24.6-9.4 33.9 0l136 136c9.5 9.4 9.5 24.6.1 34z\" fill=\"currentColor\"><\/path><\/svg><\/span><span class=\"gb-headline-text\">Je travaille sur la base d\u2019une approche syst\u00e9mique. Il s\u2019agit donc de r\u00e9fl\u00e9chir aux questions et solutions envisag\u00e9es comme faisant partie d\u2019une interactivit\u00e9 fascinante et \u00e9volutive.<\/span><\/p>\n\n\n\n<p class=\"gb-headline gb-headline-493ca9d1\"><span class=\"gb-icon\"><svg xmlns=\"http:\/\/www.w3.org\/2000\/svg\" viewBox=\"0 0 256 512\" width=\"1em\" height=\"1em\" aria-hidden=\"true\"><path d=\"M224.3 273l-136 136c-9.4 9.4-24.6 9.4-33.9 0l-22.6-22.6c-9.4-9.4-9.4-24.6 0-33.9l96.4-96.4-96.4-96.4c-9.4-9.4-9.4-24.6 0-33.9L54.3 103c9.4-9.4 24.6-9.4 33.9 0l136 136c9.5 9.4 9.5 24.6.1 34z\" fill=\"currentColor\"><\/path><\/svg><\/span><span class=\"gb-headline-text\">Toute personne dispose d\u2019un \u00e9norme potentiel qu&#8217;elle peut investir de fa\u00e7on aussi bien constructive que destructive (envers elle-m\u00eame et autrui). Je suis int\u00e9ress\u00e9e par ce qui favorise les \u00e9volutions positives.<\/span><\/p>\n\n\n\n<p class=\"gb-headline gb-headline-049baab6\"><span class=\"gb-icon\"><svg xmlns=\"http:\/\/www.w3.org\/2000\/svg\" viewBox=\"0 0 256 512\" width=\"1em\" height=\"1em\" aria-hidden=\"true\"><path d=\"M224.3 273l-136 136c-9.4 9.4-24.6 9.4-33.9 0l-22.6-22.6c-9.4-9.4-9.4-24.6 0-33.9l96.4-96.4-96.4-96.4c-9.4-9.4-9.4-24.6 0-33.9L54.3 103c9.4-9.4 24.6-9.4 33.9 0l136 136c9.5 9.4 9.5 24.6.1 34z\" fill=\"currentColor\"><\/path><\/svg><\/span><span class=\"gb-headline-text\">Poser des questions, \u00e9couter, structurer, animer des discussions et, s&#8217;il le faut provoquer, sont pour moi d&#8217;importants outils de travail. Et, en d\u00e9pit de toutes les difficult\u00e9s, j&#8217;aime bien \u00e9clater de rire avec mes clients!<\/span><\/p>\n\n\n\n<p class=\"gb-headline gb-headline-98dcd532\"><span class=\"gb-icon\"><svg xmlns=\"http:\/\/www.w3.org\/2000\/svg\" viewBox=\"0 0 256 512\" width=\"1em\" height=\"1em\" aria-hidden=\"true\"><path d=\"M224.3 273l-136 136c-9.4 9.4-24.6 9.4-33.9 0l-22.6-22.6c-9.4-9.4-9.4-24.6 0-33.9l96.4-96.4-96.4-96.4c-9.4-9.4-9.4-24.6 0-33.9L54.3 103c9.4-9.4 24.6-9.4 33.9 0l136 136c9.5 9.4 9.5 24.6.1 34z\" fill=\"currentColor\"><\/path><\/svg><\/span><span class=\"gb-headline-text\">Je suis une adepte convaincue du r\u00e9seautage et, pour certains mandats, je n&#8217;h\u00e9site pas \u00e0 coop\u00e9rer avec des coll\u00e8gues ou \u00e0 recommander des intervenants ayant d&#8217;autres sp\u00e9cificit\u00e9s.<\/span><\/p>\n\n\n\n<p class=\"gb-headline gb-headline-53a17449\"><span class=\"gb-icon\"><svg xmlns=\"http:\/\/www.w3.org\/2000\/svg\" viewBox=\"0 0 256 512\" width=\"1em\" height=\"1em\" aria-hidden=\"true\"><path d=\"M224.3 273l-136 136c-9.4 9.4-24.6 9.4-33.9 0l-22.6-22.6c-9.4-9.4-9.4-24.6 0-33.9l96.4-96.4-96.4-96.4c-9.4-9.4-9.4-24.6 0-33.9L54.3 103c9.4-9.4 24.6-9.4 33.9 0l136 136c9.5 9.4 9.5 24.6.1 34z\" fill=\"currentColor\"><\/path><\/svg><\/span><span class=\"gb-headline-text\">Je parle le fran\u00e7ais, l&#8217;allemand et l&#8217;anglais.<\/span><\/p>\n\n<\/div><\/div><\/div>\n<\/div>\n<\/div><\/div>\n\n<div class=\"gb-container gb-container-d4c09a41\"><div class=\"gb-inside-container\">\n\n<h2 class=\"gb-headline gb-headline-ff2182de gb-headline-text icon-desktop\">Exp\u00e9rience professionnelle<\/h2>\n\n\n\n<h2 class=\"gb-headline gb-headline-fe218283 icon-mobile\"><span class=\"gb-icon\"><svg aria-hidden=\"true\" role=\"img\" height=\"1em\" width=\"1em\" viewBox=\"0 0 448 512\" xmlns=\"http:\/\/www.w3.org\/2000\/svg\"><path fill=\"currentColor\" d=\"M448 360V24c0-13.3-10.7-24-24-24H96C43 0 0 43 0 96v320c0 53 43 96 96 96h328c13.3 0 24-10.7 24-24v-16c0-7.5-3.5-14.3-8.9-18.7-4.2-15.4-4.2-59.3 0-74.7 5.4-4.3 8.9-11.1 8.9-18.6zM128 134c0-3.3 2.7-6 6-6h212c3.3 0 6 2.7 6 6v20c0 3.3-2.7 6-6 6H134c-3.3 0-6-2.7-6-6v-20zm0 64c0-3.3 2.7-6 6-6h212c3.3 0 6 2.7 6 6v20c0 3.3-2.7 6-6 6H134c-3.3 0-6-2.7-6-6v-20zm253.4 250H96c-17.7 0-32-14.3-32-32 0-17.6 14.4-32 32-32h285.4c-1.9 17.1-1.9 46.9 0 64z\"><\/path><\/svg><\/span><span class=\"gb-headline-text\">Exp\u00e9rience professionnelle<\/span><\/h2>\n\n\n\n<p class=\"gb-headline gb-headline-50d51202\"><span class=\"gb-icon\"><svg xmlns=\"http:\/\/www.w3.org\/2000\/svg\" viewBox=\"0 0 256 512\" width=\"1em\" height=\"1em\" aria-hidden=\"true\"><path d=\"M224.3 273l-136 136c-9.4 9.4-24.6 9.4-33.9 0l-22.6-22.6c-9.4-9.4-9.4-24.6 0-33.9l96.4-96.4-96.4-96.4c-9.4-9.4-9.4-24.6 0-33.9L54.3 103c9.4-9.4 24.6-9.4 33.9 0l136 136c9.5 9.4 9.5 24.6.1 34z\" fill=\"currentColor\"><\/path><\/svg><\/span><span class=\"gb-headline-text\">Professeure, enseignante<\/span><\/p>\n\n\n\n<p class=\"gb-headline gb-headline-7529cbf1\"><span class=\"gb-icon\"><svg xmlns=\"http:\/\/www.w3.org\/2000\/svg\" viewBox=\"0 0 256 512\" width=\"1em\" height=\"1em\" aria-hidden=\"true\"><path d=\"M224.3 273l-136 136c-9.4 9.4-24.6 9.4-33.9 0l-22.6-22.6c-9.4-9.4-9.4-24.6 0-33.9l96.4-96.4-96.4-96.4c-9.4-9.4-9.4-24.6 0-33.9L54.3 103c9.4-9.4 24.6-9.4 33.9 0l136 136c9.5 9.4 9.5 24.6.1 34z\" fill=\"currentColor\"><\/path><\/svg><\/span><span class=\"gb-headline-text\">Assistante sociale<\/span><\/p>\n\n\n\n<p class=\"gb-headline gb-headline-d2d7423a\"><span class=\"gb-icon\"><svg xmlns=\"http:\/\/www.w3.org\/2000\/svg\" viewBox=\"0 0 256 512\" width=\"1em\" height=\"1em\" aria-hidden=\"true\"><path d=\"M224.3 273l-136 136c-9.4 9.4-24.6 9.4-33.9 0l-22.6-22.6c-9.4-9.4-9.4-24.6 0-33.9l96.4-96.4-96.4-96.4c-9.4-9.4-9.4-24.6 0-33.9L54.3 103c9.4-9.4 24.6-9.4 33.9 0l136 136c9.5 9.4 9.5 24.6.1 34z\" fill=\"currentColor\"><\/path><\/svg><\/span><span class=\"gb-headline-text\">Case Manager<\/span><\/p>\n\n\n\n<p class=\"gb-headline gb-headline-71fb090a\"><span class=\"gb-icon\"><svg xmlns=\"http:\/\/www.w3.org\/2000\/svg\" viewBox=\"0 0 256 512\" width=\"1em\" height=\"1em\" aria-hidden=\"true\"><path d=\"M224.3 273l-136 136c-9.4 9.4-24.6 9.4-33.9 0l-22.6-22.6c-9.4-9.4-9.4-24.6 0-33.9l96.4-96.4-96.4-96.4c-9.4-9.4-9.4-24.6 0-33.9L54.3 103c9.4-9.4 24.6-9.4 33.9 0l136 136c9.5 9.4 9.5 24.6.1 34z\" fill=\"currentColor\"><\/path><\/svg><\/span><span class=\"gb-headline-text\"> Th\u00e9rapeute <\/span><\/p>\n\n\n\n<p class=\"gb-headline gb-headline-7ee95225\"><span class=\"gb-icon\"><svg xmlns=\"http:\/\/www.w3.org\/2000\/svg\" viewBox=\"0 0 256 512\" width=\"1em\" height=\"1em\" aria-hidden=\"true\"><path d=\"M224.3 273l-136 136c-9.4 9.4-24.6 9.4-33.9 0l-22.6-22.6c-9.4-9.4-9.4-24.6 0-33.9l96.4-96.4-96.4-96.4c-9.4-9.4-9.4-24.6 0-33.9L54.3 103c9.4-9.4 24.6-9.4 33.9 0l136 136c9.5 9.4 9.5 24.6.1 34z\" fill=\"currentColor\"><\/path><\/svg><\/span><span class=\"gb-headline-text\">Formatrice et consultante<\/span><\/p>\n\n\n\n<p class=\"gb-headline gb-headline-42153531\"><span class=\"gb-icon\"><svg xmlns=\"http:\/\/www.w3.org\/2000\/svg\" viewBox=\"0 0 256 512\" width=\"1em\" height=\"1em\" aria-hidden=\"true\"><path d=\"M224.3 273l-136 136c-9.4 9.4-24.6 9.4-33.9 0l-22.6-22.6c-9.4-9.4-9.4-24.6 0-33.9l96.4-96.4-96.4-96.4c-9.4-9.4-9.4-24.6 0-33.9L54.3 103c9.4-9.4 24.6-9.4 33.9 0l136 136c9.5 9.4 9.5 24.6.1 34z\" fill=\"currentColor\"><\/path><\/svg><\/span><span class=\"gb-headline-text\">Cheffe de projet<\/span><\/p>\n\n\n\n<h2 class=\"gb-headline gb-headline-dadc835c gb-headline-text icon-desktop\">Formation<\/h2>\n\n\n\n<h2 class=\"gb-headline gb-headline-a3bc1d7a icon-mobile\"><span class=\"gb-icon\"><svg aria-hidden=\"true\" role=\"img\" height=\"1em\" width=\"1em\" viewBox=\"0 0 384 512\" xmlns=\"http:\/\/www.w3.org\/2000\/svg\"><path fill=\"currentColor\" d=\"M97.12 362.63c-8.69-8.69-4.16-6.24-25.12-11.85-9.51-2.55-17.87-7.45-25.43-13.32L1.2 448.7c-4.39 10.77 3.81 22.47 15.43 22.03l52.69-2.01L105.56 507c8 8.44 22.04 5.81 26.43-4.96l52.05-127.62c-10.84 6.04-22.87 9.58-35.31 9.58-19.5 0-37.82-7.59-51.61-21.37zM382.8 448.7l-45.37-111.24c-7.56 5.88-15.92 10.77-25.43 13.32-21.07 5.64-16.45 3.18-25.12 11.85-13.79 13.78-32.12 21.37-51.62 21.37-12.44 0-24.47-3.55-35.31-9.58L252 502.04c4.39 10.77 18.44 13.4 26.43 4.96l36.25-38.28 52.69 2.01c11.62.44 19.82-11.27 15.43-22.03zM263 340c15.28-15.55 17.03-14.21 38.79-20.14 13.89-3.79 24.75-14.84 28.47-28.98 7.48-28.4 5.54-24.97 25.95-45.75 10.17-10.35 14.14-25.44 10.42-39.58-7.47-28.38-7.48-24.42 0-52.83 3.72-14.14-.25-29.23-10.42-39.58-20.41-20.78-18.47-17.36-25.95-45.75-3.72-14.14-14.58-25.19-28.47-28.98-27.88-7.61-24.52-5.62-44.95-26.41-10.17-10.35-25-14.4-38.89-10.61-27.87 7.6-23.98 7.61-51.9 0-13.89-3.79-28.72.25-38.89 10.61-20.41 20.78-17.05 18.8-44.94 26.41-13.89 3.79-24.75 14.84-28.47 28.98-7.47 28.39-5.54 24.97-25.95 45.75-10.17 10.35-14.15 25.44-10.42 39.58 7.47 28.36 7.48 24.4 0 52.82-3.72 14.14.25 29.23 10.42 39.59 20.41 20.78 18.47 17.35 25.95 45.75 3.72 14.14 14.58 25.19 28.47 28.98C104.6 325.96 106.27 325 121 340c13.23 13.47 33.84 15.88 49.74 5.82a39.676 39.676 0 0 1 42.53 0c15.89 10.06 36.5 7.65 49.73-5.82zM97.66 175.96c0-53.03 42.24-96.02 94.34-96.02s94.34 42.99 94.34 96.02-42.24 96.02-94.34 96.02-94.34-42.99-94.34-96.02z\"><\/path><\/svg><\/span><span class=\"gb-headline-text\">Formation<\/span><\/h2>\n\n\n\n<p class=\"gb-headline gb-headline-966642fd\"><span class=\"gb-icon\"><svg xmlns=\"http:\/\/www.w3.org\/2000\/svg\" viewBox=\"0 0 256 512\" width=\"1em\" height=\"1em\" aria-hidden=\"true\"><path d=\"M224.3 273l-136 136c-9.4 9.4-24.6 9.4-33.9 0l-22.6-22.6c-9.4-9.4-9.4-24.6 0-33.9l96.4-96.4-96.4-96.4c-9.4-9.4-9.4-24.6 0-33.9L54.3 103c9.4-9.4 24.6-9.4 33.9 0l136 136c9.5 9.4 9.5 24.6.1 34z\" fill=\"currentColor\"><\/path><\/svg><\/span><span class=\"gb-headline-text\">Etudes d&#8217;assistante sociale et&nbsp;formation continue en Case Management (HES, Berne)<\/span><\/p>\n\n\n\n<p class=\"gb-headline gb-headline-1703f809\"><span class=\"gb-icon\"><svg xmlns=\"http:\/\/www.w3.org\/2000\/svg\" viewBox=\"0 0 256 512\" width=\"1em\" height=\"1em\" aria-hidden=\"true\"><path d=\"M224.3 273l-136 136c-9.4 9.4-24.6 9.4-33.9 0l-22.6-22.6c-9.4-9.4-9.4-24.6 0-33.9l96.4-96.4-96.4-96.4c-9.4-9.4-9.4-24.6 0-33.9L54.3 103c9.4-9.4 24.6-9.4 33.9 0l136 136c9.5 9.4 9.5 24.6.1 34z\" fill=\"currentColor\"><\/path><\/svg><\/span><span class=\"gb-headline-text\">Master en th\u00e9rapie syst\u00e9mique&nbsp;(Fresno Pacific University, Fresno, \u00c9tats-Unis) et formation continue en&nbsp;IFS c.a.d. Internal Family Systems Therapy (Heidelberg)<\/span><\/p>\n\n\n\n<p class=\"gb-headline gb-headline-0c6831f3\"><span class=\"gb-icon\"><svg xmlns=\"http:\/\/www.w3.org\/2000\/svg\" viewBox=\"0 0 256 512\" width=\"1em\" height=\"1em\" aria-hidden=\"true\"><path d=\"M224.3 273l-136 136c-9.4 9.4-24.6 9.4-33.9 0l-22.6-22.6c-9.4-9.4-9.4-24.6 0-33.9l96.4-96.4-96.4-96.4c-9.4-9.4-9.4-24.6 0-33.9L54.3 103c9.4-9.4 24.6-9.4 33.9 0l136 136c9.5 9.4 9.5 24.6.1 34z\" fill=\"currentColor\"><\/path><\/svg><\/span><span class=\"gb-headline-text\">Formation th\u00e9ologique et&nbsp;diaconale (CeFoR Liestal ; DRMD, Fontaines) ainsi que formations&nbsp;continues \u00e0 l\u2019accompagnement spirituel (Ignatien)<\/span><\/p>\n\n\n\n<p class=\"gb-headline gb-headline-0f215977\"><span class=\"gb-icon\"><svg xmlns=\"http:\/\/www.w3.org\/2000\/svg\" viewBox=\"0 0 256 512\" width=\"1em\" height=\"1em\" aria-hidden=\"true\"><path d=\"M224.3 273l-136 136c-9.4 9.4-24.6 9.4-33.9 0l-22.6-22.6c-9.4-9.4-9.4-24.6 0-33.9l96.4-96.4-96.4-96.4c-9.4-9.4-9.4-24.6 0-33.9L54.3 103c9.4-9.4 24.6-9.4 33.9 0l136 136c9.5 9.4 9.5 24.6.1 34z\" fill=\"currentColor\"><\/path><\/svg><\/span><span class=\"gb-headline-text\">Formation continue en coaching&nbsp;et d\u00e9veloppement organisationnel syst\u00e9mique (institut f\u00fcr systemische impulse isi,&nbsp;Zurich)<\/span><\/p>\n\n\n\n<p class=\"gb-headline gb-headline-9632012c\"><span class=\"gb-icon\"><svg xmlns=\"http:\/\/www.w3.org\/2000\/svg\" viewBox=\"0 0 256 512\" width=\"1em\" height=\"1em\" aria-hidden=\"true\"><path d=\"M224.3 273l-136 136c-9.4 9.4-24.6 9.4-33.9 0l-22.6-22.6c-9.4-9.4-9.4-24.6 0-33.9l96.4-96.4-96.4-96.4c-9.4-9.4-9.4-24.6 0-33.9L54.3 103c9.4-9.4 24.6-9.4 33.9 0l136 136c9.5 9.4 9.5 24.6.1 34z\" fill=\"currentColor\"><\/path><\/svg><\/span><span class=\"gb-headline-text\">Formations continues en&nbsp;m\u00e9diation et transformation des conflits (FPU, Fresno, \u00c9tats-Unis;&nbsp;Friedrich Glasl isi, Zurich; Bridge Builders, Londres)<\/span><\/p>\n\n\n\n<p class=\"gb-headline gb-headline-b3e971d7\"><span class=\"gb-icon\"><svg xmlns=\"http:\/\/www.w3.org\/2000\/svg\" viewBox=\"0 0 256 512\" width=\"1em\" height=\"1em\" aria-hidden=\"true\"><path d=\"M224.3 273l-136 136c-9.4 9.4-24.6 9.4-33.9 0l-22.6-22.6c-9.4-9.4-9.4-24.6 0-33.9l96.4-96.4-96.4-96.4c-9.4-9.4-9.4-24.6 0-33.9L54.3 103c9.4-9.4 24.6-9.4 33.9 0l136 136c9.5 9.4 9.5 24.6.1 34z\" fill=\"currentColor\"><\/path><\/svg><\/span><span class=\"gb-headline-text\">Cours et formations continues&nbsp;pour diverses techniques d&#8217;animation (Dynamic Facilitation, Facilitatrice pour grands groupes etc.)<\/span><\/p>\n\n\n\n<div style=\"height:50px\" aria-hidden=\"true\" class=\"wp-block-spacer\"><\/div>\n\n\n\n<p>Je suis membre de l\u2019association professionnelle pour le coaching, la supervision et le d\u00e9veloppement organisationnel (bso).<\/p>\n\n<\/div><\/div>","protected":false},"excerpt":{"rendered":"<p>Exp\u00e9rience professionnelle Exp\u00e9rience professionnelle Professeure, enseignante Assistante sociale Case Manager Th\u00e9rapeute Formatrice et consultante Cheffe de projet Formation Formation Etudes d&#8217;assistante sociale et&nbsp;formation continue en Case Management (HES, Berne) Master en th\u00e9rapie syst\u00e9mique&nbsp;(Fresno Pacific University, Fresno, \u00c9tats-Unis) et formation continue en&nbsp;IFS c.a.d. Internal Family Systems Therapy (Heidelberg) Formation th\u00e9ologique et&nbsp;diaconale (CeFoR Liestal ; DRMD, Fontaines) &#8230; <a title=\"Madeleine B\u00e4hler\" class=\"read-more\" href=\"https:\/\/www.pro-action.ch\/fr\/madeleine-bahler\/\" aria-label=\"Read more about Madeleine B\u00e4hler\">Read More<\/a><\/p>\n","protected":false},"author":1,"featured_media":0,"parent":0,"menu_order":0,"comment_status":"closed","ping_status":"closed","template":"","meta":{"inline_featured_image":false,"footnotes":""},"class_list":["post-5055","page","type-page","status-publish"],"yoast_head":"<!-- This site is optimized with the Yoast SEO plugin v26.6 - https:\/\/yoast.com\/wordpress\/plugins\/seo\/ -->\n<title>Madeleine B\u00e4hler - Pro Action<\/title>\n<meta name=\"robots\" content=\"index, follow, max-snippet:-1, max-image-preview:large, max-video-preview:-1\" \/>\n<link rel=\"canonical\" href=\"https:\/\/www.pro-action.ch\/fr\/madeleine-bahler\/\" \/>\n<meta property=\"og:locale\" content=\"fr_FR\" \/>\n<meta property=\"og:type\" content=\"article\" \/>\n<meta property=\"og:title\" content=\"Madeleine B\u00e4hler - Pro Action\" \/>\n<meta property=\"og:description\" content=\"Exp\u00e9rience professionnelle Exp\u00e9rience professionnelle Professeure, enseignante Assistante sociale Case Manager Th\u00e9rapeute Formatrice et consultante Cheffe de projet Formation Formation Etudes d&#8217;assistante sociale et&nbsp;formation continue en Case Management (HES, Berne) Master en th\u00e9rapie syst\u00e9mique&nbsp;(Fresno Pacific University, Fresno, \u00c9tats-Unis) et formation continue en&nbsp;IFS c.a.d. Internal Family Systems Therapy (Heidelberg) Formation th\u00e9ologique et&nbsp;diaconale (CeFoR Liestal ; DRMD, Fontaines) ... Read More\" \/>\n<meta property=\"og:url\" content=\"https:\/\/www.pro-action.ch\/fr\/madeleine-bahler\/\" \/>\n<meta property=\"og:site_name\" content=\"Pro Action\" \/>\n<meta property=\"article:modified_time\" content=\"2025-11-30T10:31:00+00:00\" \/>\n<meta name=\"twitter:card\" content=\"summary_large_image\" \/>\n<meta name=\"twitter:label1\" content=\"Est. reading time\" \/>\n\t<meta name=\"twitter:data1\" content=\"2 minutes\" \/>\n<script type=\"application\/ld+json\" class=\"yoast-schema-graph\">{\"@context\":\"https:\/\/schema.org\",\"@graph\":[{\"@type\":\"WebPage\",\"@id\":\"https:\/\/www.pro-action.ch\/fr\/madeleine-bahler\/\",\"url\":\"https:\/\/www.pro-action.ch\/fr\/madeleine-bahler\/\",\"name\":\"Madeleine B\u00e4hler - Pro Action\",\"isPartOf\":{\"@id\":\"https:\/\/www.pro-action.ch\/#website\"},\"datePublished\":\"2022-04-04T09:02:00+00:00\",\"dateModified\":\"2025-11-30T10:31:00+00:00\",\"breadcrumb\":{\"@id\":\"https:\/\/www.pro-action.ch\/fr\/madeleine-bahler\/#breadcrumb\"},\"inLanguage\":\"fr-FR\",\"potentialAction\":[{\"@type\":\"ReadAction\",\"target\":[\"https:\/\/www.pro-action.ch\/fr\/madeleine-bahler\/\"]}]},{\"@type\":\"BreadcrumbList\",\"@id\":\"https:\/\/www.pro-action.ch\/fr\/madeleine-bahler\/#breadcrumb\",\"itemListElement\":[{\"@type\":\"ListItem\",\"position\":1,\"name\":\"Home\",\"item\":\"https:\/\/www.pro-action.ch\/fr\/\"},{\"@type\":\"ListItem\",\"position\":2,\"name\":\"Madeleine B\u00e4hler\"}]},{\"@type\":\"WebSite\",\"@id\":\"https:\/\/www.pro-action.ch\/#website\",\"url\":\"https:\/\/www.pro-action.ch\/\",\"name\":\"Pro Action\",\"description\":\"Madeleine B\u00e4hler\",\"publisher\":{\"@id\":\"https:\/\/www.pro-action.ch\/#organization\"},\"potentialAction\":[{\"@type\":\"SearchAction\",\"target\":{\"@type\":\"EntryPoint\",\"urlTemplate\":\"https:\/\/www.pro-action.ch\/?s={search_term_string}\"},\"query-input\":{\"@type\":\"PropertyValueSpecification\",\"valueRequired\":true,\"valueName\":\"search_term_string\"}}],\"inLanguage\":\"fr-FR\"},{\"@type\":\"Organization\",\"@id\":\"https:\/\/www.pro-action.ch\/#organization\",\"name\":\"Pro Action\",\"url\":\"https:\/\/www.pro-action.ch\/\",\"logo\":{\"@type\":\"ImageObject\",\"inLanguage\":\"fr-FR\",\"@id\":\"https:\/\/www.pro-action.ch\/#\/schema\/logo\/image\/\",\"url\":\"https:\/\/www.pro-action.ch\/wp-content\/uploads\/2023\/04\/Logo_pro-action-2023-LQ.png\",\"contentUrl\":\"https:\/\/www.pro-action.ch\/wp-content\/uploads\/2023\/04\/Logo_pro-action-2023-LQ.png\",\"width\":379,\"height\":173,\"caption\":\"Pro Action\"},\"image\":{\"@id\":\"https:\/\/www.pro-action.ch\/#\/schema\/logo\/image\/\"}}]}<\/script>\n<!-- \/ Yoast SEO plugin. -->","yoast_head_json":{"title":"Madeleine B\u00e4hler - Pro Action","robots":{"index":"index","follow":"follow","max-snippet":"max-snippet:-1","max-image-preview":"max-image-preview:large","max-video-preview":"max-video-preview:-1"},"canonical":"https:\/\/www.pro-action.ch\/fr\/madeleine-bahler\/","og_locale":"fr_FR","og_type":"article","og_title":"Madeleine B\u00e4hler - Pro Action","og_description":"Exp\u00e9rience professionnelle Exp\u00e9rience professionnelle Professeure, enseignante Assistante sociale Case Manager Th\u00e9rapeute Formatrice et consultante Cheffe de projet Formation Formation Etudes d&#8217;assistante sociale et&nbsp;formation continue en Case Management (HES, Berne) Master en th\u00e9rapie syst\u00e9mique&nbsp;(Fresno Pacific University, Fresno, \u00c9tats-Unis) et formation continue en&nbsp;IFS c.a.d. Internal Family Systems Therapy (Heidelberg) Formation th\u00e9ologique et&nbsp;diaconale (CeFoR Liestal ; DRMD, Fontaines) ... Read More","og_url":"https:\/\/www.pro-action.ch\/fr\/madeleine-bahler\/","og_site_name":"Pro Action","article_modified_time":"2025-11-30T10:31:00+00:00","twitter_card":"summary_large_image","twitter_misc":{"Est. reading time":"2 minutes"},"schema":{"@context":"https:\/\/schema.org","@graph":[{"@type":"WebPage","@id":"https:\/\/www.pro-action.ch\/fr\/madeleine-bahler\/","url":"https:\/\/www.pro-action.ch\/fr\/madeleine-bahler\/","name":"Madeleine B\u00e4hler - Pro Action","isPartOf":{"@id":"https:\/\/www.pro-action.ch\/#website"},"datePublished":"2022-04-04T09:02:00+00:00","dateModified":"2025-11-30T10:31:00+00:00","breadcrumb":{"@id":"https:\/\/www.pro-action.ch\/fr\/madeleine-bahler\/#breadcrumb"},"inLanguage":"fr-FR","potentialAction":[{"@type":"ReadAction","target":["https:\/\/www.pro-action.ch\/fr\/madeleine-bahler\/"]}]},{"@type":"BreadcrumbList","@id":"https:\/\/www.pro-action.ch\/fr\/madeleine-bahler\/#breadcrumb","itemListElement":[{"@type":"ListItem","position":1,"name":"Home","item":"https:\/\/www.pro-action.ch\/fr\/"},{"@type":"ListItem","position":2,"name":"Madeleine B\u00e4hler"}]},{"@type":"WebSite","@id":"https:\/\/www.pro-action.ch\/#website","url":"https:\/\/www.pro-action.ch\/","name":"Pro Action","description":"Madeleine B\u00e4hler","publisher":{"@id":"https:\/\/www.pro-action.ch\/#organization"},"potentialAction":[{"@type":"SearchAction","target":{"@type":"EntryPoint","urlTemplate":"https:\/\/www.pro-action.ch\/?s={search_term_string}"},"query-input":{"@type":"PropertyValueSpecification","valueRequired":true,"valueName":"search_term_string"}}],"inLanguage":"fr-FR"},{"@type":"Organization","@id":"https:\/\/www.pro-action.ch\/#organization","name":"Pro Action","url":"https:\/\/www.pro-action.ch\/","logo":{"@type":"ImageObject","inLanguage":"fr-FR","@id":"https:\/\/www.pro-action.ch\/#\/schema\/logo\/image\/","url":"https:\/\/www.pro-action.ch\/wp-content\/uploads\/2023\/04\/Logo_pro-action-2023-LQ.png","contentUrl":"https:\/\/www.pro-action.ch\/wp-content\/uploads\/2023\/04\/Logo_pro-action-2023-LQ.png","width":379,"height":173,"caption":"Pro Action"},"image":{"@id":"https:\/\/www.pro-action.ch\/#\/schema\/logo\/image\/"}}]}},"_links":{"self":[{"href":"https:\/\/www.pro-action.ch\/fr\/wp-json\/wp\/v2\/pages\/5055","targetHints":{"allow":["GET"]}}],"collection":[{"href":"https:\/\/www.pro-action.ch\/fr\/wp-json\/wp\/v2\/pages"}],"about":[{"href":"https:\/\/www.pro-action.ch\/fr\/wp-json\/wp\/v2\/types\/page"}],"author":[{"embeddable":true,"href":"https:\/\/www.pro-action.ch\/fr\/wp-json\/wp\/v2\/users\/1"}],"replies":[{"embeddable":true,"href":"https:\/\/www.pro-action.ch\/fr\/wp-json\/wp\/v2\/comments?post=5055"}],"version-history":[{"count":16,"href":"https:\/\/www.pro-action.ch\/fr\/wp-json\/wp\/v2\/pages\/5055\/revisions"}],"predecessor-version":[{"id":5469,"href":"https:\/\/www.pro-action.ch\/fr\/wp-json\/wp\/v2\/pages\/5055\/revisions\/5469"}],"wp:attachment":[{"href":"https:\/\/www.pro-action.ch\/fr\/wp-json\/wp\/v2\/media?parent=5055"}],"curies":[{"name":"wp","href":"https:\/\/api.w.org\/{rel}","templated":true}]}}